{"id":994,"date":"2023-07-26T15:31:57","date_gmt":"2023-07-26T20:31:57","guid":{"rendered":"https:\/\/www.kitsergeant.com\/?page_id=994"},"modified":"2024-07-08T18:59:08","modified_gmt":"2024-07-08T23:59:08","slug":"list-of-agents-by-network","status":"publish","type":"page","link":"https:\/\/www.kitsergeant.com\/?page_id=994","title":{"rendered":"List of Agents by Network"},"content":{"rendered":"\n<figure class=\"wp-block-image size-full\"><a href=\"https:\/\/www.kitsergeant.com\/wp-content\/uploads\/2024\/07\/SOE-Network-cropped.png\"><img loading=\"lazy\" decoding=\"async\" width=\"550\" height=\"557\" src=\"https:\/\/www.kitsergeant.com\/wp-content\/uploads\/2024\/07\/SOE-Network-cropped.png\" alt=\"SOE networks in France\" class=\"wp-image-1099\" srcset=\"https:\/\/www.kitsergeant.com\/wp-content\/uploads\/2024\/07\/SOE-Network-cropped.png 550w, https:\/\/www.kitsergeant.com\/wp-content\/uploads\/2024\/07\/SOE-Network-cropped-296x300.png 296w\" sizes=\"auto, (max-width: 550px) 100vw, 550px\" \/><\/a><\/figure>\n\n\n\n<p><strong>&nbsp;Interalli\u00e9<\/strong><\/p>\n\n\n\n<figure class=\"wp-block-image size-full is-resized\"><a href=\"https:\/\/www.kitsergeant.com\/wp-content\/uploads\/2023\/07\/roman-czerniawski.jpg\"><img loading=\"lazy\" decoding=\"async\" width=\"190\" height=\"265\" src=\"https:\/\/www.kitsergeant.com\/wp-content\/uploads\/2023\/07\/roman-czerniawski.jpg\" alt=\"\" class=\"wp-image-1000\" style=\"width:86px;height:120px\"\/><\/a><\/figure>\n\n\n\n<p>Roman Czerniawski<\/p>\n\n\n\n<figure class=\"wp-block-image size-full is-resized is-style-default\"><a href=\"https:\/\/www.kitsergeant.com\/wp-content\/uploads\/2023\/07\/mathilde-carr-4ec0e205-62dc-4209-8e69-d7e8c2b2bf0-resize-750.webp\"><img loading=\"lazy\" decoding=\"async\" width=\"350\" height=\"336\" src=\"https:\/\/www.kitsergeant.com\/wp-content\/uploads\/2023\/07\/mathilde-carr-4ec0e205-62dc-4209-8e69-d7e8c2b2bf0-resize-750.webp\" alt=\"\" class=\"wp-image-1001\" style=\"width:94px;height:90px\" srcset=\"https:\/\/www.kitsergeant.com\/wp-content\/uploads\/2023\/07\/mathilde-carr-4ec0e205-62dc-4209-8e69-d7e8c2b2bf0-resize-750.webp 350w, https:\/\/www.kitsergeant.com\/wp-content\/uploads\/2023\/07\/mathilde-carr-4ec0e205-62dc-4209-8e69-d7e8c2b2bf0-resize-750-300x288.webp 300w\" sizes=\"auto, (max-width: 350px) 100vw, 350px\" \/><\/a><\/figure>\n\n\n\n<p>Mathilde Carr\u00e9<\/p>\n\n\n\n<p>Ren\u00e9 Aubertin<\/p>\n\n\n\n<p>Viola (Ren\u00e9e) Borni<\/p>\n\n\n\n<p>Mireille Lejeune&nbsp;<\/p>\n\n\n\n<p>Ma\u00eetre Brault<\/p>\n\n\n\n<p>Raoul Jean \u201cKiki\u201d Kieffer&nbsp;<\/p>\n\n\n\n<p><strong>Autogiro<\/strong><\/p>\n\n\n\n<figure class=\"wp-block-image size-full is-resized\"><a href=\"https:\/\/www.kitsergeant.com\/wp-content\/uploads\/2023\/07\/Blog-186-Vomecourt-3.jpg\"><img loading=\"lazy\" decoding=\"async\" width=\"300\" height=\"298\" src=\"https:\/\/www.kitsergeant.com\/wp-content\/uploads\/2023\/07\/Blog-186-Vomecourt-3.jpg\" alt=\"\" class=\"wp-image-1004\" style=\"width:105px;height:104px\" srcset=\"https:\/\/www.kitsergeant.com\/wp-content\/uploads\/2023\/07\/Blog-186-Vomecourt-3.jpg 300w, https:\/\/www.kitsergeant.com\/wp-content\/uploads\/2023\/07\/Blog-186-Vomecourt-3-150x150.jpg 150w\" sizes=\"auto, (max-width: 300px) 100vw, 300px\" \/><\/a><\/figure>\n\n\n\n<p>Pierre de Vom\u00e9court (Lucas)- leader<\/p>\n\n\n\n<figure class=\"wp-block-image size-large is-resized\"><a href=\"https:\/\/www.kitsergeant.com\/wp-content\/uploads\/2023\/07\/Lieutenant_Marcel_CLECH.jpg\"><img loading=\"lazy\" decoding=\"async\" width=\"783\" height=\"1024\" src=\"https:\/\/www.kitsergeant.com\/wp-content\/uploads\/2023\/07\/Lieutenant_Marcel_CLECH-783x1024.jpg\" alt=\"\" class=\"wp-image-1015\" style=\"width:91px;height:119px\" srcset=\"https:\/\/www.kitsergeant.com\/wp-content\/uploads\/2023\/07\/Lieutenant_Marcel_CLECH-783x1024.jpg 783w, https:\/\/www.kitsergeant.com\/wp-content\/uploads\/2023\/07\/Lieutenant_Marcel_CLECH-229x300.jpg 229w, https:\/\/www.kitsergeant.com\/wp-content\/uploads\/2023\/07\/Lieutenant_Marcel_CLECH-768x1004.jpg 768w, https:\/\/www.kitsergeant.com\/wp-content\/uploads\/2023\/07\/Lieutenant_Marcel_CLECH.jpg 800w\" sizes=\"auto, (max-width: 783px) 100vw, 783px\" \/><\/a><\/figure>\n\n\n\n<p>Marcel Clech \u2013 wireless operator<\/p>\n\n\n\n<p>Benjamin \u201cBenny\u201d Cowburn<\/p>\n\n\n\n<p>Roger Cottin<\/p>\n\n\n\n<p>Stanislaus Lach<\/p>\n\n\n\n<p>Boby Roland<\/p>\n\n\n\n<p>Lucien de Roquigny<\/p>\n\n\n\n<p><strong>Spindle<\/strong><\/p>\n\n\n\n<figure class=\"wp-block-image size-full is-resized\"><a href=\"https:\/\/www.kitsergeant.com\/wp-content\/uploads\/2023\/07\/pierre.jpg\"><img loading=\"lazy\" decoding=\"async\" width=\"141\" height=\"218\" src=\"https:\/\/www.kitsergeant.com\/wp-content\/uploads\/2023\/07\/pierre.jpg\" alt=\"\" class=\"wp-image-1005\" style=\"width:88px;height:137px\"\/><\/a><\/figure>\n\n\n\n<p>Peter Churchill&nbsp; \u2013 leader<\/p>\n\n\n\n<figure class=\"wp-block-image size-full is-resized\"><a href=\"https:\/\/www.kitsergeant.com\/wp-content\/uploads\/2023\/07\/odette-2.jpg\"><img loading=\"lazy\" decoding=\"async\" width=\"200\" height=\"252\" src=\"https:\/\/www.kitsergeant.com\/wp-content\/uploads\/2023\/07\/odette-2.jpg\" alt=\"\" class=\"wp-image-1008\" style=\"width:95px;height:120px\"\/><\/a><\/figure>\n\n\n\n<p>Odette Sansom \u2013&nbsp; courier<\/p>\n\n\n\n<figure class=\"wp-block-image size-full is-resized\"><a href=\"https:\/\/www.kitsergeant.com\/wp-content\/uploads\/2023\/07\/adolphe-r.jpg\"><img loading=\"lazy\" decoding=\"async\" width=\"188\" height=\"268\" src=\"https:\/\/www.kitsergeant.com\/wp-content\/uploads\/2023\/07\/adolphe-r.jpg\" alt=\"\" class=\"wp-image-1009\" style=\"width:98px;height:140px\"\/><\/a><\/figure>\n\n\n\n<p>Adolphe Rabinovitch (Alec) \u2013 wireless operator<\/p>\n\n\n\n<p><strong>Carte<\/strong><\/p>\n\n\n\n<figure class=\"wp-block-image size-full is-resized\"><a href=\"https:\/\/www.kitsergeant.com\/wp-content\/uploads\/2023\/07\/girard.jpg\"><img loading=\"lazy\" decoding=\"async\" width=\"314\" height=\"373\" src=\"https:\/\/www.kitsergeant.com\/wp-content\/uploads\/2023\/07\/girard.jpg\" alt=\"\" class=\"wp-image-1023\" style=\"width:102px;height:121px\" srcset=\"https:\/\/www.kitsergeant.com\/wp-content\/uploads\/2023\/07\/girard.jpg 314w, https:\/\/www.kitsergeant.com\/wp-content\/uploads\/2023\/07\/girard-253x300.jpg 253w\" sizes=\"auto, (max-width: 314px) 100vw, 314px\" \/><\/a><\/figure>\n\n\n\n<p>Andr\u00e9 Girard \u2013 leader<\/p>\n\n\n\n<figure class=\"wp-block-image size-full is-resized\"><a href=\"https:\/\/www.kitsergeant.com\/wp-content\/uploads\/2023\/07\/paul-frager.jpg\"><img loading=\"lazy\" decoding=\"async\" width=\"132\" height=\"160\" src=\"https:\/\/www.kitsergeant.com\/wp-content\/uploads\/2023\/07\/paul-frager.jpg\" alt=\"\" class=\"wp-image-1010\" style=\"width:92px;height:112px\"\/><\/a><\/figure>\n\n\n\n<p>Henri \u201cPaul\u201d&nbsp; Frager \u2013 second-in-command<\/p>\n\n\n\n<p>Roger Bardet<\/p>\n\n\n\n<p><strong>Wizard<\/strong><\/p>\n\n\n\n<p>Jean Savy \u2013 leader<\/p>\n\n\n\n<figure class=\"wp-block-image size-full is-resized\"><a href=\"https:\/\/www.kitsergeant.com\/wp-content\/uploads\/2023\/07\/didi.jpg\"><img loading=\"lazy\" decoding=\"async\" width=\"244\" height=\"206\" src=\"https:\/\/www.kitsergeant.com\/wp-content\/uploads\/2023\/07\/didi.jpg\" alt=\"\" class=\"wp-image-1024\" style=\"width:102px;height:86px\"\/><\/a><\/figure>\n\n\n\n<p>Eileen \u201cDidi\u201d Nearne \u2013&nbsp; wireless operator<\/p>\n\n\n\n<p><strong>Juggler<\/strong><\/p>\n\n\n\n<figure class=\"wp-block-image size-full is-resized\"><a href=\"https:\/\/www.kitsergeant.com\/wp-content\/uploads\/2023\/07\/worms.jpg\"><img loading=\"lazy\" decoding=\"async\" width=\"300\" height=\"300\" src=\"https:\/\/www.kitsergeant.com\/wp-content\/uploads\/2023\/07\/worms.jpg\" alt=\"\" class=\"wp-image-1025\" style=\"width:104px;height:104px\" srcset=\"https:\/\/www.kitsergeant.com\/wp-content\/uploads\/2023\/07\/worms.jpg 300w, https:\/\/www.kitsergeant.com\/wp-content\/uploads\/2023\/07\/worms-150x150.jpg 150w\" sizes=\"auto, (max-width: 300px) 100vw, 300px\" \/><\/a><\/figure>\n\n\n\n<p>Jean Worms \u2013 leader<\/p>\n\n\n\n<p>Jacques Weil \u2013 second-in-command<\/p>\n\n\n\n<figure class=\"wp-block-image size-full is-resized\"><a href=\"https:\/\/www.kitsergeant.com\/wp-content\/uploads\/2023\/07\/640px-SonyaOlschanezky.jpg\"><img loading=\"lazy\" decoding=\"async\" width=\"640\" height=\"806\" src=\"https:\/\/www.kitsergeant.com\/wp-content\/uploads\/2023\/07\/640px-SonyaOlschanezky.jpg\" alt=\"\" class=\"wp-image-1026\" style=\"width:99px;height:124px\" srcset=\"https:\/\/www.kitsergeant.com\/wp-content\/uploads\/2023\/07\/640px-SonyaOlschanezky.jpg 640w, https:\/\/www.kitsergeant.com\/wp-content\/uploads\/2023\/07\/640px-SonyaOlschanezky-238x300.jpg 238w\" sizes=\"auto, (max-width: 640px) 100vw, 640px\" \/><\/a><\/figure>\n\n\n\n<p>Sonya Olschanezky \u2013 courier<\/p>\n\n\n\n<p>Gustave Cohen \u2013 wireless operator<\/p>\n\n\n\n<p><strong>Farrier<\/strong><\/p>\n\n\n\n<figure class=\"wp-block-image size-full is-resized\"><a href=\"https:\/\/www.kitsergeant.com\/wp-content\/uploads\/2023\/07\/dericourt.jpg\"><img loading=\"lazy\" decoding=\"async\" width=\"176\" height=\"286\" src=\"https:\/\/www.kitsergeant.com\/wp-content\/uploads\/2023\/07\/dericourt.jpg\" alt=\"\" class=\"wp-image-1016\" style=\"width:83px;height:135px\"\/><\/a><\/figure>\n\n\n\n<p>Henri D\u00e9ricourt \u2013&nbsp; leader\/ air movements officer<\/p>\n\n\n\n<figure class=\"wp-block-image size-full is-resized\"><a href=\"https:\/\/www.kitsergeant.com\/wp-content\/uploads\/2023\/07\/julienne.jpg\"><img loading=\"lazy\" decoding=\"async\" width=\"197\" height=\"256\" src=\"https:\/\/www.kitsergeant.com\/wp-content\/uploads\/2023\/07\/julienne.jpg\" alt=\"\" class=\"wp-image-1017\" style=\"width:87px;height:113px\"\/><\/a><\/figure>\n\n\n\n<p>Julienne Aisner \u2013 courier<\/p>\n\n\n\n<p>Marcel Remy Clement \u2013 assistant<\/p>\n\n\n\n<p>Adher Watt \u2013 AKA Geoffroi; wireless operator&nbsp;<\/p>\n\n\n\n<p><strong>Jockey<\/strong><\/p>\n\n\n\n<figure class=\"wp-block-image size-full is-resized\"><a href=\"https:\/\/www.kitsergeant.com\/wp-content\/uploads\/2023\/08\/cammaerts2.jpg\"><img loading=\"lazy\" decoding=\"async\" width=\"500\" height=\"793\" src=\"https:\/\/www.kitsergeant.com\/wp-content\/uploads\/2023\/08\/cammaerts2.jpg\" alt=\"\" class=\"wp-image-1047\" style=\"width:84px;height:134px\" srcset=\"https:\/\/www.kitsergeant.com\/wp-content\/uploads\/2023\/08\/cammaerts2.jpg 500w, https:\/\/www.kitsergeant.com\/wp-content\/uploads\/2023\/08\/cammaerts2-189x300.jpg 189w\" sizes=\"auto, (max-width: 500px) 100vw, 500px\" \/><\/a><\/figure>\n\n\n\n<p>Francis Cammaerts \u2013&nbsp; leader<\/p>\n\n\n\n<figure class=\"wp-block-image size-full is-resized\"><a href=\"https:\/\/www.kitsergeant.com\/wp-content\/uploads\/2023\/08\/Cecily_Lefort.jpg\"><img loading=\"lazy\" decoding=\"async\" width=\"220\" height=\"242\" src=\"https:\/\/www.kitsergeant.com\/wp-content\/uploads\/2023\/08\/Cecily_Lefort.jpg\" alt=\"\" class=\"wp-image-1048\" style=\"width:84px;height:92px\"\/><\/a><\/figure>\n\n\n\n<p>Cecily Lefort \u2013&nbsp; courier<\/p>\n\n\n\n<figure class=\"wp-block-image size-full is-resized\"><a href=\"https:\/\/www.kitsergeant.com\/wp-content\/uploads\/2023\/07\/640px-This_is_Christine_Granviller.jpg\"><img loading=\"lazy\" decoding=\"async\" width=\"640\" height=\"479\" src=\"https:\/\/www.kitsergeant.com\/wp-content\/uploads\/2023\/07\/640px-This_is_Christine_Granviller.jpg\" alt=\"\" class=\"wp-image-1027\" style=\"width:111px;height:83px\" srcset=\"https:\/\/www.kitsergeant.com\/wp-content\/uploads\/2023\/07\/640px-This_is_Christine_Granviller.jpg 640w, https:\/\/www.kitsergeant.com\/wp-content\/uploads\/2023\/07\/640px-This_is_Christine_Granviller-300x225.jpg 300w\" sizes=\"auto, (max-width: 640px) 100vw, 640px\" \/><\/a><\/figure>\n\n\n\n<p>Christine Granville \u2013 courier<\/p>\n\n\n\n<figure class=\"wp-block-image size-full is-resized\"><a href=\"https:\/\/www.kitsergeant.com\/wp-content\/uploads\/2023\/09\/xan-fielding.jpg\"><img loading=\"lazy\" decoding=\"async\" width=\"191\" height=\"264\" src=\"https:\/\/www.kitsergeant.com\/wp-content\/uploads\/2023\/09\/xan-fielding.jpg\" alt=\"\" class=\"wp-image-1052\" style=\"width:98px;height:136px\"\/><\/a><\/figure>\n\n\n\n<p>Xan Fielding<\/p>\n\n\n\n<p><strong>Inventor<\/strong><\/p>\n\n\n\n<p>Sidney Jones \u2013 leader<\/p>\n\n\n\n<figure class=\"wp-block-image size-full is-resized\"><a href=\"https:\/\/www.kitsergeant.com\/wp-content\/uploads\/2023\/09\/vera.jpg\"><img loading=\"lazy\" decoding=\"async\" width=\"143\" height=\"205\" src=\"https:\/\/www.kitsergeant.com\/wp-content\/uploads\/2023\/09\/vera.jpg\" alt=\"\" class=\"wp-image-1054\" style=\"width:81px;height:116px\"\/><\/a><\/figure>\n\n\n\n<p>Vera Leigh \u2013 courier<\/p>\n\n\n\n<figure class=\"wp-block-image size-large is-resized\"><a href=\"https:\/\/www.kitsergeant.com\/wp-content\/uploads\/2023\/07\/Lieutenant_Marcel_CLECH-1.jpg\"><img loading=\"lazy\" decoding=\"async\" width=\"783\" height=\"1024\" src=\"https:\/\/www.kitsergeant.com\/wp-content\/uploads\/2023\/07\/Lieutenant_Marcel_CLECH-1-783x1024.jpg\" alt=\"\" class=\"wp-image-1028\" style=\"width:85px;height:111px\" srcset=\"https:\/\/www.kitsergeant.com\/wp-content\/uploads\/2023\/07\/Lieutenant_Marcel_CLECH-1-783x1024.jpg 783w, https:\/\/www.kitsergeant.com\/wp-content\/uploads\/2023\/07\/Lieutenant_Marcel_CLECH-1-229x300.jpg 229w, https:\/\/www.kitsergeant.com\/wp-content\/uploads\/2023\/07\/Lieutenant_Marcel_CLECH-1-768x1004.jpg 768w, https:\/\/www.kitsergeant.com\/wp-content\/uploads\/2023\/07\/Lieutenant_Marcel_CLECH-1.jpg 800w\" sizes=\"auto, (max-width: 783px) 100vw, 783px\" \/><\/a><\/figure>\n\n\n\n<p>Marcel Clech \u2013 wireless operator<\/p>\n\n\n\n<p><strong>Prosper<\/strong><\/p>\n\n\n\n<figure class=\"wp-block-image size-full is-resized\"><a href=\"https:\/\/www.kitsergeant.com\/wp-content\/uploads\/2023\/07\/prosper.jpg\"><img loading=\"lazy\" decoding=\"async\" width=\"233\" height=\"217\" src=\"https:\/\/www.kitsergeant.com\/wp-content\/uploads\/2023\/07\/prosper.jpg\" alt=\"\" class=\"wp-image-1018\" style=\"width:91px;height:85px\"\/><\/a><\/figure>\n\n\n\n<p>Francis Suttill \u2013 AKA Prosper; leader<\/p>\n\n\n\n<figure class=\"wp-block-image size-full is-resized\"><a href=\"https:\/\/www.kitsergeant.com\/wp-content\/uploads\/2023\/07\/andree.jpg\"><img loading=\"lazy\" decoding=\"async\" width=\"212\" height=\"238\" src=\"https:\/\/www.kitsergeant.com\/wp-content\/uploads\/2023\/07\/andree.jpg\" alt=\"\" class=\"wp-image-1029\" style=\"width:89px;height:100px\"\/><\/a><\/figure>\n\n\n\n<p>Andr\u00e9e Borrel \u2013 courier<\/p>\n\n\n\n<figure class=\"wp-block-image size-full is-resized\"><a href=\"https:\/\/www.kitsergeant.com\/wp-content\/uploads\/2023\/07\/francine-2.jpg\"><img loading=\"lazy\" decoding=\"async\" width=\"236\" height=\"305\" src=\"https:\/\/www.kitsergeant.com\/wp-content\/uploads\/2023\/07\/francine-2.jpg\" alt=\"\" class=\"wp-image-1033\" style=\"width:88px;height:114px\" srcset=\"https:\/\/www.kitsergeant.com\/wp-content\/uploads\/2023\/07\/francine-2.jpg 236w, https:\/\/www.kitsergeant.com\/wp-content\/uploads\/2023\/07\/francine-2-232x300.jpg 232w\" sizes=\"auto, (max-width: 236px) 100vw, 236px\" \/><\/a><\/figure>\n\n\n\n<p>Francine Agazarian \u2013 courier<\/p>\n\n\n\n<figure class=\"wp-block-image size-full is-resized\"><a href=\"https:\/\/www.kitsergeant.com\/wp-content\/uploads\/2023\/07\/jack.jpg\"><img loading=\"lazy\" decoding=\"async\" width=\"163\" height=\"254\" src=\"https:\/\/www.kitsergeant.com\/wp-content\/uploads\/2023\/07\/jack.jpg\" alt=\"\" class=\"wp-image-1032\" style=\"width:84px;height:131px\"\/><\/a><\/figure>\n\n\n\n<p>Jack Agazarian \u2013 wireless operator<\/p>\n\n\n\n<figure class=\"wp-block-image size-full is-resized\"><a href=\"https:\/\/www.kitsergeant.com\/wp-content\/uploads\/2023\/07\/dericourt-1.jpg\"><img loading=\"lazy\" decoding=\"async\" width=\"176\" height=\"286\" src=\"https:\/\/www.kitsergeant.com\/wp-content\/uploads\/2023\/07\/dericourt-1.jpg\" alt=\"\" class=\"wp-image-1034\" style=\"width:85px;height:138px\"\/><\/a><\/figure>\n\n\n\n<p>Henri Dericourt \u2013 air movements officer<\/p>\n\n\n\n<figure class=\"wp-block-image size-full is-resized\"><a href=\"https:\/\/www.kitsergeant.com\/wp-content\/uploads\/2023\/07\/gilbert-norman.jpg\"><img loading=\"lazy\" decoding=\"async\" width=\"144\" height=\"232\" src=\"https:\/\/www.kitsergeant.com\/wp-content\/uploads\/2023\/07\/gilbert-norman.jpg\" alt=\"\" class=\"wp-image-1035\" style=\"width:84px;height:135px\"\/><\/a><\/figure>\n\n\n\n<p>Gilbert Norman \u2013 wireless operator<\/p>\n\n\n\n<p>Madeleine Tambour<\/p>\n\n\n\n<p>Germaine Tambour<\/p>\n\n\n\n<p><strong>Donkeyman<\/strong><\/p>\n\n\n\n<p>Paul Frager \u2013 leader<\/p>\n\n\n\n<figure class=\"wp-block-image size-full is-resized\"><a href=\"https:\/\/www.kitsergeant.com\/wp-content\/uploads\/2023\/09\/vera-1.jpg\"><img loading=\"lazy\" decoding=\"async\" width=\"143\" height=\"205\" src=\"https:\/\/www.kitsergeant.com\/wp-content\/uploads\/2023\/09\/vera-1.jpg\" alt=\"\" class=\"wp-image-1057\" style=\"width:93px;height:133px\"\/><\/a><\/figure>\n\n\n\n<p>Vera Leigh \u2013 courier\/liaison officer<\/p>\n\n\n\n<p>Roger Bardet<\/p>\n\n\n\n<p>Raoul Jean \u201cKiki\u201d Kieffer&nbsp;<\/p>\n\n\n\n<p><strong>Adolphe<\/strong><\/p>\n\n\n\n<figure class=\"wp-block-image size-full is-resized\"><a href=\"https:\/\/www.kitsergeant.com\/wp-content\/uploads\/2023\/07\/culioli-1.jpg\"><img loading=\"lazy\" decoding=\"async\" width=\"430\" height=\"600\" src=\"https:\/\/www.kitsergeant.com\/wp-content\/uploads\/2023\/07\/culioli-1.jpg\" alt=\"\" class=\"wp-image-1041\" style=\"width:91px;height:127px\" srcset=\"https:\/\/www.kitsergeant.com\/wp-content\/uploads\/2023\/07\/culioli-1.jpg 430w, https:\/\/www.kitsergeant.com\/wp-content\/uploads\/2023\/07\/culioli-1-215x300.jpg 215w\" sizes=\"auto, (max-width: 430px) 100vw, 430px\" \/><\/a><\/figure>\n\n\n\n<p>Pierre Culioli \u2013 leader<\/p>\n\n\n\n<figure class=\"wp-block-image size-full is-resized\"><a href=\"https:\/\/www.kitsergeant.com\/wp-content\/uploads\/2023\/07\/yvonne-1.jpg\"><img loading=\"lazy\" decoding=\"async\" width=\"196\" height=\"257\" src=\"https:\/\/www.kitsergeant.com\/wp-content\/uploads\/2023\/07\/yvonne-1.jpg\" alt=\"\" class=\"wp-image-1042\" style=\"width:102px;height:134px\"\/><\/a><\/figure>\n\n\n\n<p>Yvonne Rudellat \u2013 courier<\/p>\n\n\n\n<p><strong>Cinema<\/strong><\/p>\n\n\n\n<p>\u00c9mile Garry \u2013 leader<\/p>\n\n\n\n<figure class=\"wp-block-image size-full is-resized\"><a href=\"https:\/\/www.kitsergeant.com\/wp-content\/uploads\/2023\/07\/noor-2.jpg\"><img loading=\"lazy\" decoding=\"async\" width=\"150\" height=\"198\" src=\"https:\/\/www.kitsergeant.com\/wp-content\/uploads\/2023\/07\/noor-2.jpg\" alt=\"\" class=\"wp-image-1044\" style=\"width:108px;height:143px\"\/><\/a><\/figure>\n\n\n\n<p>Noor Inayat Khan \u2013 AKA Nora; wireless operator<\/p>\n\n\n\n<p><strong>Bricklayer<\/strong><\/p>\n\n\n\n<p>France Antelme \u2013 leader<\/p>\n\n\n\n<p>Madeleine Damerment \u2013 courier<\/p>\n\n\n\n<p>Lionel Lee \u2013 wireless operator<\/p>\n\n\n\n<p><strong>Musician<\/strong><\/p>\n\n\n\n<p>Guy Bi\u00e9ler \u2013 leader<\/p>\n\n\n\n<p>Yolande Beekman \u2013&nbsp; wireless operator<\/p>\n","protected":false},"excerpt":{"rendered":"<p>&nbsp;Interalli\u00e9 Roman Czerniawski Mathilde Carr\u00e9 Ren\u00e9 Aubertin Viola (Ren\u00e9e) Borni Mireille Lejeune&nbsp; Ma\u00eetre Brault Raoul Jean \u201cKiki\u201d Kieffer&nbsp; Autogiro Pierre de Vom\u00e9court (Lucas)- leader Marcel Clech \u2013 wireless operator Benjamin \u201cBenny\u201d Cowburn Roger Cottin Stanislaus Lach Boby Roland Lucien de Roquigny Spindle Peter Churchill&nbsp; \u2013 leader Odette Sansom \u2013&nbsp; courier Adolphe Rabinovitch (Alec) \u2013 wireless [&hellip;]<\/p>\n","protected":false},"author":2,"featured_media":0,"parent":659,"menu_order":1,"comment_status":"closed","ping_status":"closed","template":"","meta":{"om_disable_all_campaigns":false,"_monsterinsights_skip_tracking":false,"_monsterinsights_sitenote_active":false,"_monsterinsights_sitenote_note":"","_monsterinsights_sitenote_category":0,"_uf_show_specific_survey":0,"_uf_disable_surveys":false,"jetpack_post_was_ever_published":false,"footnotes":""},"class_list":["post-994","page","type-page","status-publish","hentry"],"aioseo_notices":[],"jetpack_sharing_enabled":true,"jetpack_shortlink":"https:\/\/wp.me\/P4Nv5L-g2","_links":{"self":[{"href":"https:\/\/www.kitsergeant.com\/index.php?rest_route=\/wp\/v2\/pages\/994","targetHints":{"allow":["GET"]}}],"collection":[{"href":"https:\/\/www.kitsergeant.com\/index.php?rest_route=\/wp\/v2\/pages"}],"about":[{"href":"https:\/\/www.kitsergeant.com\/index.php?rest_route=\/wp\/v2\/types\/page"}],"author":[{"embeddable":true,"href":"https:\/\/www.kitsergeant.com\/index.php?rest_route=\/wp\/v2\/users\/2"}],"replies":[{"embeddable":true,"href":"https:\/\/www.kitsergeant.com\/index.php?rest_route=%2Fwp%2Fv2%2Fcomments&post=994"}],"version-history":[{"count":9,"href":"https:\/\/www.kitsergeant.com\/index.php?rest_route=\/wp\/v2\/pages\/994\/revisions"}],"predecessor-version":[{"id":1100,"href":"https:\/\/www.kitsergeant.com\/index.php?rest_route=\/wp\/v2\/pages\/994\/revisions\/1100"}],"up":[{"embeddable":true,"href":"https:\/\/www.kitsergeant.com\/index.php?rest_route=\/wp\/v2\/pages\/659"}],"wp:attachment":[{"href":"https:\/\/www.kitsergeant.com\/index.php?rest_route=%2Fwp%2Fv2%2Fmedia&parent=994"}],"curies":[{"name":"wp","href":"https:\/\/api.w.org\/{rel}","templated":true}]}}